{"id":203,"date":"2022-05-31T11:50:26","date_gmt":"2022-05-31T09:50:26","guid":{"rendered":"http:\/\/moresta.cluster031.hosting.ovh.net\/?page_id=203"},"modified":"2025-09-21T05:47:08","modified_gmt":"2025-09-21T03:47:08","slug":"le-club","status":"publish","type":"page","link":"https:\/\/morestel-tennis.fr\/?page_id=203","title":{"rendered":"Pr\u00e9sentation du club"},"content":{"rendered":"\n<p>Le Tennis Club de Morestel existe depuis 1982. Il est compos\u00e9 actuellement de 140 licenci\u00e9s dont 71 enfants. <\/p>\n\n\n\n<h2 class=\"wp-block-heading has-text-align-center has-luminous-vivid-orange-color has-text-color\"><strong>Les terrains<\/strong><\/h2>\n\n\n\n<p>Le club dispose de <strong>3 courts ext\u00e9rieurs<\/strong> en moquette aiguillet\u00e9e et sabl\u00e9e, <strong>d&rsquo;1 court couvert<\/strong> et d&rsquo;<strong>1 mur ext\u00e9rieur<\/strong>. L&rsquo;\u00e9clairage est gratuit sur tous les courts.<\/p>\n\n\n<div class=\"wp-block-image is-style-rounded\">\n<figure class=\"aligncenter size-medium is-resized\"><img loading=\"lazy\" decoding=\"async\" width=\"300\" height=\"180\" src=\"https:\/\/morestel-tennis.fr\/wp-content\/uploads\/2022\/05\/cropped-cropped-P1650455-300x180.jpeg\" alt=\"terrain couvert GreenSet\" class=\"wp-image-164\" style=\"aspect-ratio:1.6666666666666667;width:360px;height:auto\" srcset=\"https:\/\/morestel-tennis.fr\/wp-content\/uploads\/2022\/05\/cropped-cropped-P1650455-300x180.jpeg 300w, https:\/\/morestel-tennis.fr\/wp-content\/uploads\/2022\/05\/cropped-cropped-P1650455-1024x614.jpeg 1024w, https:\/\/morestel-tennis.fr\/wp-content\/uploads\/2022\/05\/cropped-cropped-P1650455-768x461.jpeg 768w, https:\/\/morestel-tennis.fr\/wp-content\/uploads\/2022\/05\/cropped-cropped-P1650455-1536x922.jpeg 1536w, https:\/\/morestel-tennis.fr\/wp-content\/uploads\/2022\/05\/cropped-cropped-P1650455.jpeg 2000w\" sizes=\"auto, (max-width: 300px) 100vw, 300px\" \/><figcaption class=\"wp-element-caption\">Terrain couvert GreenSet<\/figcaption><\/figure>\n<\/div>\n\n<div class=\"wp-block-image is-style-rounded\">\n<figure class=\"aligncenter size-large\"><img loading=\"lazy\" decoding=\"async\" width=\"1024\" height=\"404\" src=\"https:\/\/morestel-tennis.fr\/wp-content\/uploads\/2023\/10\/bd040a75-24be-499e-9d08-0c4a3df08ee3-1024x404.jpg\" alt=\"\" class=\"wp-image-1100\" srcset=\"https:\/\/morestel-tennis.fr\/wp-content\/uploads\/2023\/10\/bd040a75-24be-499e-9d08-0c4a3df08ee3-1024x404.jpg 1024w, https:\/\/morestel-tennis.fr\/wp-content\/uploads\/2023\/10\/bd040a75-24be-499e-9d08-0c4a3df08ee3-300x118.jpg 300w, https:\/\/morestel-tennis.fr\/wp-content\/uploads\/2023\/10\/bd040a75-24be-499e-9d08-0c4a3df08ee3-768x303.jpg 768w, https:\/\/morestel-tennis.fr\/wp-content\/uploads\/2023\/10\/bd040a75-24be-499e-9d08-0c4a3df08ee3-1320x521.jpg 1320w, https:\/\/morestel-tennis.fr\/wp-content\/uploads\/2023\/10\/bd040a75-24be-499e-9d08-0c4a3df08ee3.jpg 1388w\" sizes=\"auto, (max-width: 767px) 89vw, (max-width: 1000px) 54vw, (max-width: 1071px) 543px, 580px\" \/><figcaption class=\"wp-element-caption\">3 terrains ext\u00e9rieurs en moquette aiguillet\u00e9e et sabl\u00e9e<\/figcaption><\/figure>\n<\/div>\n\n<div class=\"wp-block-image is-style-rounded\">\n<figure class=\"aligncenter size-medium is-resized\"><img loading=\"lazy\" decoding=\"async\" width=\"300\" height=\"225\" src=\"https:\/\/morestel-tennis.fr\/wp-content\/uploads\/2022\/05\/d7308275-3870-4134-95b7-1b5bc78caaf3-300x225.jpg\" alt=\"\" class=\"wp-image-315\" style=\"aspect-ratio:1.3333333333333333;width:348px;height:auto\" srcset=\"https:\/\/morestel-tennis.fr\/wp-content\/uploads\/2022\/05\/d7308275-3870-4134-95b7-1b5bc78caaf3-300x225.jpg 300w, https:\/\/morestel-tennis.fr\/wp-content\/uploads\/2022\/05\/d7308275-3870-4134-95b7-1b5bc78caaf3-1024x768.jpg 1024w, https:\/\/morestel-tennis.fr\/wp-content\/uploads\/2022\/05\/d7308275-3870-4134-95b7-1b5bc78caaf3-768x576.jpg 768w, https:\/\/morestel-tennis.fr\/wp-content\/uploads\/2022\/05\/d7308275-3870-4134-95b7-1b5bc78caaf3-1536x1152.jpg 1536w, https:\/\/morestel-tennis.fr\/wp-content\/uploads\/2022\/05\/d7308275-3870-4134-95b7-1b5bc78caaf3.jpg 1600w\" sizes=\"auto, (max-width: 300px) 100vw, 300px\" \/><figcaption class=\"wp-element-caption\">mur ext\u00e9rieur pour jouer m\u00eame si votre adversaire n&rsquo;est pas venu&#8230;<\/figcaption><\/figure>\n<\/div>\n\n\n<h2 class=\"wp-block-heading has-text-align-center has-luminous-vivid-orange-color has-text-color\"><strong>Le bureau<\/strong><\/h2>\n\n\n\n<p>Pr\u00e9sident : Mr PELLOUX Olivier<\/p>\n\n\n\n<p>Tr\u00e9sori\u00e8re : Mme HAMEL Julie <\/p>\n\n\n\n<p>Vice-Tr\u00e9sorier : Mr DUBOIS Corentin<\/p>\n\n\n\n<p>Secr\u00e9taire : Mme MARSON Magali <\/p>\n\n\n\n<p>Vice-secr\u00e9taire : Mme DUCOLOMB Muriel<\/p>\n\n\n\n<h2 class=\"wp-block-heading has-text-align-center has-luminous-vivid-orange-color has-text-color\"><strong>L&rsquo;enseignement<\/strong><\/h2>\n\n\n\n<h2 class=\"wp-block-heading\">Romain Jaunet est l&rsquo;enseignant Dipl\u00f4m\u00e9 d&rsquo;Etat de tennis du club de Morestel. Il est dipl\u00f4m\u00e9 depuis juillet 2004. <\/h2>\n\n\n\n<h2 class=\"wp-block-heading has-text-align-center\"><strong><mark style=\"background-color:rgba(0, 0, 0, 0)\" class=\"has-inline-color has-luminous-vivid-orange-color\">Comment r\u00e9server un court de tennis?<\/mark><\/strong><\/h2>\n\n\n\n<h4 class=\"wp-block-heading has-text-align-left\">*Si vous voulez jouer avec un licenci\u00e9, vous devez r\u00e9server votre terrain avec l&rsquo;application <a href=\"https:\/\/tenup.fft.fr\" target=\"_blank\" rel=\"noreferrer noopener\"><strong>Ten&rsquo;up<\/strong><\/a>.<\/h4>\n\n\n\n<p class=\"has-text-align-left\">La <strong>cl\u00e9<\/strong> <strong>des terrains<\/strong> sera donn\u00e9e pour chaque adh\u00e9rent contre une <strong>caution de 15\u20ac.<\/strong> .<\/p>\n\n\n\n<h4 class=\"wp-block-heading has-text-align-left\">*Si vous \u00eates 2 personnes non licenci\u00e9es \/ non adh\u00e9rentes.<\/h4>\n\n\n\n<h4 class=\"wp-block-heading has-text-align-left\"><strong> Une participation de <\/strong>15\u20ac\/h sur court ext\u00e9rieur <strong>ou<\/strong> 20\u20ac\/h pour le court couvert<strong> sera demand\u00e9e. <br><\/strong><br>*Si vous \u00eates licenci\u00e9 \u00e0 Morestel et souhaitez inviter une personne non licenci\u00e9e \/ non adh\u00e9rente.<\/h4>\n\n\n\n<p class=\"has-text-align-left\">Pour une<strong> invitation ponctuelle, <\/strong>une<strong> <\/strong>participation de <strong>5\u20ac\/h<\/strong> sera demand\u00e9e<strong>.<\/strong><\/p>\n\n\n\n<p class=\"has-text-align-left\">Pour une <strong>invitation r\u00e9guli\u00e8re<\/strong>, personnalis\u00e9e, <strong>sans limitation,  <\/strong>une participation de <strong>55\u20ac <\/strong>sera demand\u00e9e<strong> pour l&rsquo;ann\u00e9e 2025\/2026.<\/strong><\/p>\n\n\n\n<h2 class=\"wp-block-heading has-text-align-center\"><strong><mark style=\"background-color:rgba(0, 0, 0, 0)\" class=\"has-inline-color has-luminous-vivid-orange-color\">R\u00e9servation<\/mark><\/strong><\/h2>\n\n\n\n<p class=\"has-text-align-center\">par mail : <strong>tcm38510@gmail.com<\/strong><\/p>\n\n\n\n<h2 class=\"wp-block-heading has-text-align-center\"><strong><mark style=\"background-color:rgba(0, 0, 0, 0)\" class=\"has-inline-color has-luminous-vivid-orange-color\">Paiement<\/mark><\/strong><\/h2>\n\n\n\n<h3 class=\"wp-block-heading has-text-align-center\"><strong>Par virement<\/strong> au TCM, <\/h3>\n\n\n\n<p class=\"has-text-align-center\">le RIB vous sera communiqu\u00e9 sur demande par t\u00e9l ou mail.<\/p>\n\n\n\n<p><\/p>\n","protected":false},"excerpt":{"rendered":"<p>Le Tennis Club de Morestel existe depuis 1982. Il est compos\u00e9 actuellement de 140 licenci\u00e9s dont 71 enfants. Les terrains Le club dispose de 3 courts ext\u00e9rieurs en moquette aiguillet\u00e9e et sabl\u00e9e, d&rsquo;1 court couvert et d&rsquo;1 mur ext\u00e9rieur. L&rsquo;\u00e9clairage est gratuit sur tous les courts. Le bureau Pr\u00e9sident : Mr PELLOUX Olivier Tr\u00e9sori\u00e8re : &hellip; <\/p>\n<p class=\"link-more\"><a href=\"https:\/\/morestel-tennis.fr\/?page_id=203\" class=\"more-link\">Continuer la lecture<span class=\"screen-reader-text\"> de &laquo;&nbsp;Pr\u00e9sentation du club&nbsp;&raquo;<\/span><\/a><\/p>\n","protected":false},"author":1,"featured_media":0,"parent":0,"menu_order":0,"comment_status":"closed","ping_status":"closed","template":"","meta":{"footnotes":""},"class_list":["post-203","page","type-page","status-publish","hentry"],"_links":{"self":[{"href":"https:\/\/morestel-tennis.fr\/index.php?rest_route=\/wp\/v2\/pages\/203","targetHints":{"allow":["GET"]}}],"collection":[{"href":"https:\/\/morestel-tennis.fr\/index.php?rest_route=\/wp\/v2\/pages"}],"about":[{"href":"https:\/\/morestel-tennis.fr\/index.php?rest_route=\/wp\/v2\/types\/page"}],"author":[{"embeddable":true,"href":"https:\/\/morestel-tennis.fr\/index.php?rest_route=\/wp\/v2\/users\/1"}],"replies":[{"embeddable":true,"href":"https:\/\/morestel-tennis.fr\/index.php?rest_route=%2Fwp%2Fv2%2Fcomments&post=203"}],"version-history":[{"count":86,"href":"https:\/\/morestel-tennis.fr\/index.php?rest_route=\/wp\/v2\/pages\/203\/revisions"}],"predecessor-version":[{"id":1612,"href":"https:\/\/morestel-tennis.fr\/index.php?rest_route=\/wp\/v2\/pages\/203\/revisions\/1612"}],"wp:attachment":[{"href":"https:\/\/morestel-tennis.fr\/index.php?rest_route=%2Fwp%2Fv2%2Fmedia&parent=203"}],"curies":[{"name":"wp","href":"https:\/\/api.w.org\/{rel}","templated":true}]}}