{"id":216,"date":"2022-05-31T11:58:53","date_gmt":"2022-05-31T09:58:53","guid":{"rendered":"http:\/\/moresta.cluster031.hosting.ovh.net\/?page_id=216"},"modified":"2025-09-11T20:00:48","modified_gmt":"2025-09-11T18:00:48","slug":"ecole-de-tennis","status":"publish","type":"page","link":"https:\/\/morestel-tennis.fr\/?page_id=216","title":{"rendered":"Horaires des cours et tarifs"},"content":{"rendered":"\n<p class=\"has-text-align-left\">Que vous soyez <strong>comp\u00e9titeur<\/strong> ou <strong>joueur loisir<\/strong>, <strong>jeune <\/strong>ou <strong>moins jeune<\/strong>, envie de prendre des <strong>cours individuels <\/strong>ou <strong>collectifs<\/strong>, nous avons une formule pour vous.<\/p>\n\n\n\n<p class=\"has-text-align-left\">Une <strong>remise<\/strong> est pr\u00e9vue pour les coll\u00e9giens et lyc\u00e9ens avec la carte <strong>Tatoo Is\u00e8re<\/strong>, le <strong>Pass&rsquo;R\u00e9gion<\/strong> et le <strong>Pass&rsquo; Sport<\/strong><\/p>\n\n\n\n<h2 class=\"wp-block-heading has-text-align-center has-luminous-vivid-orange-color has-text-color\"><strong>L&rsquo;\u00e9cole de tennis<\/strong><\/h2>\n\n\n\n<p>Les diff\u00e9rents groupes sont compos\u00e9s en d\u00e9but d&rsquo;ann\u00e9e par  Romain Jaunet, professeur dipl\u00f4m\u00e9 du club, selon le niveau de jeu de chaque joueur.<\/p>\n\n\n\n<div class=\"wp-block-group\"><div class=\"wp-block-group__inner-container is-layout-flow wp-block-group-is-layout-flow\">\n<div class=\"wp-block-group\"><div class=\"wp-block-group__inner-container is-layout-flow wp-block-group-is-layout-flow\">\n<div class=\"wp-block-columns is-not-stacked-on-mobile is-layout-flex wp-container-core-columns-is-layout-9d6595d7 wp-block-columns-is-layout-flex\">\n<div class=\"wp-block-column is-layout-flow wp-block-column-is-layout-flow\" style=\"flex-basis:100%\">\n<figure class=\"wp-block-table is-style-stripes\"><table class=\"has-black-color has-luminous-vivid-orange-background-color has-text-color has-background has-link-color\"><tbody><tr><td><\/td><td><strong>ENFANTS (\u00e0 partir de l&rsquo;ann\u00e9e 2019)<\/strong><\/td><\/tr><tr><td>MERCREDI<\/td><td>11h -19H30<\/td><\/tr><tr><td>JEUDI<\/td><td>17h &#8211; 18h<\/td><\/tr><tr><td>VENDREDI<\/td><td>17h &#8211; 20h30<\/td><\/tr><tr><td>SAMEDI<\/td><td>9h00 &#8211; 15h30<\/td><\/tr><\/tbody><\/table><figcaption class=\"wp-element-caption\">Horaires des cours de tennis enfants ann\u00e9e 2025-2026<\/figcaption><\/figure>\n<\/div>\n<\/div>\n\n\n\n<h2 class=\"wp-block-heading has-text-align-center has-luminous-vivid-orange-color has-text-color\"><strong>Les cours adultes<\/strong><\/h2>\n\n\n\n<div class=\"wp-block-columns is-layout-flex wp-container-core-columns-is-layout-9d6595d7 wp-block-columns-is-layout-flex\">\n<div class=\"wp-block-column is-layout-flow wp-block-column-is-layout-flow\" style=\"flex-basis:100%\">\n<div class=\"wp-block-columns is-layout-flex wp-container-core-columns-is-layout-9d6595d7 wp-block-columns-is-layout-flex\">\n<div class=\"wp-block-column is-layout-flow wp-block-column-is-layout-flow\" style=\"flex-basis:100%\">\n<figure class=\"wp-block-table is-style-stripes\"><table class=\"has-black-color has-luminous-vivid-orange-background-color has-text-color has-background has-link-color\"><tbody><tr><td><\/td><td><strong>ADULTES<\/strong><\/td><\/tr><tr><td>MERCREDI<\/td><td>19h00 &#8211; 20h00<br>20h00 &#8211; 21H30<\/td><\/tr><tr><td>JEUDI<\/td><td>18h30 &#8211; 19-30<br>19h30 &#8211; 20h45<\/td><\/tr><\/tbody><\/table><\/figure>\n<\/div>\n<\/div>\n<\/div>\n<\/div>\n<\/div><\/div>\n\n\n\n<h2 class=\"wp-block-heading has-text-align-center has-luminous-vivid-orange-color has-text-color\"><strong>Les tarifs<\/strong><\/h2>\n\n\n\n<p class=\"has-black-color has-text-color has-link-color wp-elements-8b34bf3363629becf9a234f7a4908ca7\"><strong>Les cours commenceront le 23 septembre 2025 jusqu&rsquo;au 15 juin 2026<\/strong>. <\/p>\n\n\n\n<div class=\"wp-block-columns is-layout-flex wp-container-core-columns-is-layout-9d6595d7 wp-block-columns-is-layout-flex\">\n<div class=\"wp-block-column is-layout-flow wp-block-column-is-layout-flow\" style=\"flex-basis:100%\">\n<div class=\"wp-block-group\"><div class=\"wp-block-group__inner-container is-layout-constrained wp-block-group-is-layout-constrained\">\n<figure class=\"wp-block-table is-style-stripes\"><table class=\"has-black-color has-luminous-vivid-orange-background-color has-text-color has-background has-link-color\"><tbody><tr><td>Adh\u00e9sion obligatoire (dont 23\u20ac licence FFT)<\/td><td>120\u20ac<\/td><\/tr><tr><td>1h de cours par semaine<\/td><td>+106\u20ac<\/td><\/tr><tr><td>1h30 de cours par semaine<\/td><td>+166\u20ac<\/td><\/tr><tr><td>2 x 1h30 de cours par semaine<\/td><td>+280\u20ac<\/td><\/tr><tr><td>Cl\u00e9s pour acc\u00e8s aux terrains de tennis (la caution sera encaiss\u00e9e et rendue au retour des cl\u00e9s)<\/td><td>15\u20ac<\/td><\/tr><\/tbody><\/table><\/figure>\n<\/div><\/div>\n<\/div>\n<\/div>\n\n\n\n<p class=\"has-black-color has-text-color has-link-color wp-elements-268bd46a724595c3135b8c5767f2cab5\"><strong>Adultes<\/strong> <\/p>\n\n\n\n<div class=\"wp-block-columns is-layout-flex wp-container-core-columns-is-layout-9d6595d7 wp-block-columns-is-layout-flex\">\n<div class=\"wp-block-column is-layout-flow wp-block-column-is-layout-flow\" style=\"flex-basis:66.66%\">\n<div class=\"wp-block-group\"><div class=\"wp-block-group__inner-container is-layout-constrained wp-block-group-is-layout-constrained\">\n<figure class=\"wp-block-table is-style-stripes\"><table class=\"has-black-color has-luminous-vivid-orange-background-color has-text-color has-background has-link-color\"><tbody><tr><td>Adh\u00e9sion \u00e0 l\u2019ann\u00e9e (dont 33\u20ac licence FFT)<\/td><td>160\u20ac<\/td><\/tr><tr><td>Adh\u00e9sion pour un couple \u00e0 l\u2019ann\u00e9e (dont 66\u20ac licences FFT)<\/td><td>266\u20ac<\/td><\/tr><tr><td>Adh\u00e9sion \u00e9t\u00e9 (juin \u00e0 septembre)<\/td><td>80\u20ac<\/td><\/tr><tr><td>+ rajouter si besoin le prix du cours collectif ou individuel. Tarifs fix\u00e9s par Romain Jaunet. <\/td><td><\/td><\/tr><tr><td>Cl\u00e9s pour acc\u00e8s aux terrains de tennis (la caution sera encaiss\u00e9e et rendue au retour des cl\u00e9s)<\/td><td>15\u20ac<\/td><\/tr><\/tbody><\/table><\/figure>\n<\/div><\/div>\n<\/div>\n\n\n\n<div class=\"wp-block-column is-layout-flow wp-block-column-is-layout-flow\" style=\"flex-basis:33.33%\"><\/div>\n<\/div>\n\n\n\n<h2 class=\"wp-block-heading has-text-align-center has-luminous-vivid-orange-color has-text-color\"><strong>Les inscriptions<\/strong><\/h2>\n\n\n\n<h4 class=\"wp-block-heading has-black-color has-text-color has-link-color wp-elements-b04a5960c3d797f69372363745f2cd86\">Rentr\u00e9e des associations le 05 septembre 2025 de 17h \u00e0 20h \u00e0 la salle de l\u2019Amiti\u00e9. <br><\/h4>\n\n\n\n<p>Dates de permanences au club house du TCM :  jeudi 11 septembre de 18h \u00e0 19h.<\/p>\n<\/div><\/div>\n\n\n\n<p class=\"has-black-color has-text-color has-link-color wp-elements-6ce925012c71ae69e1abf3079dbb01a6\">En cours d&rsquo;ann\u00e9e vous pouvez contacter le bureau (num\u00e9ros de t\u00e9l\u00e9phone et mail dans les contacts).<\/p>\n\n\n\n<h2 class=\"wp-block-heading has-text-align-center has-luminous-vivid-orange-color has-text-color\"><strong>Informations importantes<\/strong><\/h2>\n\n\n\n<p class=\"has-black-color has-text-color has-link-color wp-elements-c3d852c10d4e88b2ad12e98232dda3a3\">N&rsquo;oubliez pas de <strong>cr\u00e9er le compte de votre enfant<\/strong> sur l&rsquo;application <strong><a rel=\"noreferrer noopener\" href=\"https:\/\/tenup.fft.fr\" data-type=\"URL\" data-id=\"https:\/\/tenup.fft.fr\" target=\"_blank\">Ten&rsquo;up<\/a><\/strong> de la F\u00e9d\u00e9ration Fran\u00e7aise de Tennis pour retrouver tous les tournois et l&rsquo;inscrire.<\/p>\n\n\n\n<p class=\"has-black-color has-text-color has-link-color wp-elements-8caacedf32ee940fe20d64a3446c2688\"><strong>Important <\/strong> : Vous devez ins\u00e9rer vous-m\u00eame le certificat m\u00e9dical portant la mention \u00ab\u00a0Tennis en comp\u00e9tition\u00a0\u00bb fait par votre m\u00e9decin et valable 3 ans ou r\u00e9pondre au questionnaire de sant\u00e9 qui le prolonge chaque ann\u00e9e.<\/p>\n\n\n\n<h2 class=\"wp-block-heading has-text-align-center has-luminous-vivid-orange-color has-text-color\"><strong>La Charte <\/strong>du Tennis Club de Morestel<\/h2>\n\n\n\n<figure class=\"wp-block-gallery has-nested-images columns-default is-cropped wp-block-gallery-1 is-layout-flex wp-block-gallery-is-layout-flex\">\n<figure class=\"wp-block-image size-large\"><img loading=\"lazy\" decoding=\"async\" width=\"768\" height=\"1024\" data-id=\"906\" src=\"https:\/\/morestel-tennis.fr\/wp-content\/uploads\/2022\/10\/IMG_6911-768x1024.jpg\" alt=\"\" class=\"wp-image-906\" srcset=\"https:\/\/morestel-tennis.fr\/wp-content\/uploads\/2022\/10\/IMG_6911-768x1024.jpg 768w, https:\/\/morestel-tennis.fr\/wp-content\/uploads\/2022\/10\/IMG_6911-225x300.jpg 225w, https:\/\/morestel-tennis.fr\/wp-content\/uploads\/2022\/10\/IMG_6911-1152x1536.jpg 1152w, https:\/\/morestel-tennis.fr\/wp-content\/uploads\/2022\/10\/IMG_6911-1536x2048.jpg 1536w, https:\/\/morestel-tennis.fr\/wp-content\/uploads\/2022\/10\/IMG_6911-1320x1760.jpg 1320w, https:\/\/morestel-tennis.fr\/wp-content\/uploads\/2022\/10\/IMG_6911-scaled.jpg 1920w\" sizes=\"auto, (max-width: 767px) 89vw, (max-width: 1000px) 54vw, (max-width: 1071px) 543px, 580px\" \/><\/figure>\n<\/figure>\n","protected":false},"excerpt":{"rendered":"<p>Que vous soyez comp\u00e9titeur ou joueur loisir, jeune ou moins jeune, envie de prendre des cours individuels ou collectifs, nous avons une formule pour vous. Une remise est pr\u00e9vue pour les coll\u00e9giens et lyc\u00e9ens avec la carte Tatoo Is\u00e8re, le Pass&rsquo;R\u00e9gion et le Pass&rsquo; Sport L&rsquo;\u00e9cole de tennis Les diff\u00e9rents groupes sont compos\u00e9s en d\u00e9but &hellip; <\/p>\n<p class=\"link-more\"><a href=\"https:\/\/morestel-tennis.fr\/?page_id=216\" class=\"more-link\">Continuer la lecture<span class=\"screen-reader-text\"> de &laquo;&nbsp;Horaires des cours et tarifs&nbsp;&raquo;<\/span><\/a><\/p>\n","protected":false},"author":1,"featured_media":0,"parent":0,"menu_order":0,"comment_status":"closed","ping_status":"closed","template":"","meta":{"footnotes":""},"class_list":["post-216","page","type-page","status-publish","hentry"],"_links":{"self":[{"href":"https:\/\/morestel-tennis.fr\/index.php?rest_route=\/wp\/v2\/pages\/216","targetHints":{"allow":["GET"]}}],"collection":[{"href":"https:\/\/morestel-tennis.fr\/index.php?rest_route=\/wp\/v2\/pages"}],"about":[{"href":"https:\/\/morestel-tennis.fr\/index.php?rest_route=\/wp\/v2\/types\/page"}],"author":[{"embeddable":true,"href":"https:\/\/morestel-tennis.fr\/index.php?rest_route=\/wp\/v2\/users\/1"}],"replies":[{"embeddable":true,"href":"https:\/\/morestel-tennis.fr\/index.php?rest_route=%2Fwp%2Fv2%2Fcomments&post=216"}],"version-history":[{"count":146,"href":"https:\/\/morestel-tennis.fr\/index.php?rest_route=\/wp\/v2\/pages\/216\/revisions"}],"predecessor-version":[{"id":1609,"href":"https:\/\/morestel-tennis.fr\/index.php?rest_route=\/wp\/v2\/pages\/216\/revisions\/1609"}],"wp:attachment":[{"href":"https:\/\/morestel-tennis.fr\/index.php?rest_route=%2Fwp%2Fv2%2Fmedia&parent=216"}],"curies":[{"name":"wp","href":"https:\/\/api.w.org\/{rel}","templated":true}]}}