{"id":220,"date":"2022-05-31T12:01:00","date_gmt":"2022-05-31T10:01:00","guid":{"rendered":"http:\/\/moresta.cluster031.hosting.ovh.net\/?page_id=220"},"modified":"2025-10-06T21:20:14","modified_gmt":"2025-10-06T19:20:14","slug":"stages","status":"publish","type":"page","link":"https:\/\/morestel-tennis.fr\/?page_id=220","title":{"rendered":"Les stages d\u2019automne"},"content":{"rendered":"\n<p class=\"has-text-align-center\">Chaque vacances scolaires, Romain Jaunet, le professeur de tennis des grands et des petits propose aux plus jeunes, des stages sur diff\u00e9rents th\u00e8mes<strong>.<\/strong> <\/p>\n\n\n\n<p class=\"has-text-align-center\">Dipl\u00f4m\u00e9 d&rsquo;Etat de Tennis depuis juillet 2004. Il est particuli\u00e8rement appr\u00e9ci\u00e9 pour sa p\u00e9dagogie et son professionnalisme. <\/p>\n\n\n\n<h2 class=\"wp-block-heading has-text-align-center has-luminous-vivid-orange-color has-text-color\"><strong>Stages vacances de la Toussaint 2025<\/strong><\/h2>\n\n\n\n<p><em>R\u00e9serv\u00e9s aux enfants n\u00e9s en 2014 et plus \u00e2g\u00e9s<\/em> (2013, 2012 &#8230;).<\/p>\n\n\n\n<p>Le th\u00e8me principal sera : <strong>\u00ab\u00a0<\/strong>le service, le smash et le retour de service\u00a0\u00bb.<\/p>\n\n\n\n<p>Stage qui aura lieu la premi\u00e8re semaine des vacances : du  <strong>l<\/strong><em><strong>undi 20 au vendredi 24 octobre  de 10h \u00e0 12h00.<\/strong><\/em><\/p>\n\n\n\n<p><strong>Tarif : 60\u20ac <\/strong>pour la semaine, par <strong>ch\u00e8que \u00e0 l\u2019ordre de Romain Jaunet <\/strong>\u00e0 donner avant le d\u00e9but du stage.<\/p>\n\n\n\n<p>R\u00e9ponse \u00e0 donner \u00e0 Romain avant le :  <strong><em>vendredi 17 octobre.<\/em><\/strong><\/p>\n\n\n\n<div class=\"wp-block-media-text alignwide is-stacked-on-mobile\"><figure class=\"wp-block-media-text__media\"><img loading=\"lazy\" decoding=\"async\" width=\"1024\" height=\"768\" src=\"https:\/\/morestel-tennis.fr\/wp-content\/uploads\/2022\/05\/P1650445-1-1024x768.jpeg\" alt=\"\" class=\"wp-image-361 size-full\" srcset=\"https:\/\/morestel-tennis.fr\/wp-content\/uploads\/2022\/05\/P1650445-1-1024x768.jpeg 1024w, https:\/\/morestel-tennis.fr\/wp-content\/uploads\/2022\/05\/P1650445-1-300x225.jpeg 300w, https:\/\/morestel-tennis.fr\/wp-content\/uploads\/2022\/05\/P1650445-1-768x576.jpeg 768w, https:\/\/morestel-tennis.fr\/wp-content\/uploads\/2022\/05\/P1650445-1-1536x1152.jpeg 1536w, https:\/\/morestel-tennis.fr\/wp-content\/uploads\/2022\/05\/P1650445-1-2048x1536.jpeg 2048w\" sizes=\"auto, (max-width: 767px) 89vw, (max-width: 1000px) 54vw, (max-width: 1071px) 543px, 580px\" \/><\/figure><div class=\"wp-block-media-text__content\">\n<p class=\"has-small-font-size\">Pour tout renseignement vous pouvez joindre <strong>Romain Jaunet <\/strong>:<\/p>\n\n\n\n<h5 class=\"wp-block-heading\">06 59 22 50 97<\/h5>\n\n\n\n<h5 class=\"wp-block-heading has-small-font-size\"><strong>tcm38510@gmail.com<\/strong><\/h5>\n<\/div><\/div>\n\n\n\n<p><\/p>\n","protected":false},"excerpt":{"rendered":"<p>Chaque vacances scolaires, Romain Jaunet, le professeur de tennis des grands et des petits propose aux plus jeunes, des stages sur diff\u00e9rents th\u00e8mes. Dipl\u00f4m\u00e9 d&rsquo;Etat de Tennis depuis juillet 2004. Il est particuli\u00e8rement appr\u00e9ci\u00e9 pour sa p\u00e9dagogie et son professionnalisme. Stages vacances de la Toussaint 2025 R\u00e9serv\u00e9s aux enfants n\u00e9s en 2014 et plus \u00e2g\u00e9s &hellip; <\/p>\n<p class=\"link-more\"><a href=\"https:\/\/morestel-tennis.fr\/?page_id=220\" class=\"more-link\">Continuer la lecture<span class=\"screen-reader-text\"> de &laquo;&nbsp;Les stages d\u2019automne&nbsp;&raquo;<\/span><\/a><\/p>\n","protected":false},"author":1,"featured_media":0,"parent":0,"menu_order":0,"comment_status":"closed","ping_status":"closed","template":"","meta":{"footnotes":""},"class_list":["post-220","page","type-page","status-publish","hentry"],"_links":{"self":[{"href":"https:\/\/morestel-tennis.fr\/index.php?rest_route=\/wp\/v2\/pages\/220","targetHints":{"allow":["GET"]}}],"collection":[{"href":"https:\/\/morestel-tennis.fr\/index.php?rest_route=\/wp\/v2\/pages"}],"about":[{"href":"https:\/\/morestel-tennis.fr\/index.php?rest_route=\/wp\/v2\/types\/page"}],"author":[{"embeddable":true,"href":"https:\/\/morestel-tennis.fr\/index.php?rest_route=\/wp\/v2\/users\/1"}],"replies":[{"embeddable":true,"href":"https:\/\/morestel-tennis.fr\/index.php?rest_route=%2Fwp%2Fv2%2Fcomments&post=220"}],"version-history":[{"count":61,"href":"https:\/\/morestel-tennis.fr\/index.php?rest_route=\/wp\/v2\/pages\/220\/revisions"}],"predecessor-version":[{"id":1653,"href":"https:\/\/morestel-tennis.fr\/index.php?rest_route=\/wp\/v2\/pages\/220\/revisions\/1653"}],"wp:attachment":[{"href":"https:\/\/morestel-tennis.fr\/index.php?rest_route=%2Fwp%2Fv2%2Fmedia&parent=220"}],"curies":[{"name":"wp","href":"https:\/\/api.w.org\/{rel}","templated":true}]}}