{"id":234,"date":"2022-05-31T14:05:58","date_gmt":"2022-05-31T12:05:58","guid":{"rendered":"http:\/\/moresta.cluster031.hosting.ovh.net\/?page_id=234"},"modified":"2025-09-04T17:38:32","modified_gmt":"2025-09-04T15:38:32","slug":"contact","status":"publish","type":"page","link":"https:\/\/morestel-tennis.fr\/?page_id=234","title":{"rendered":"Contact"},"content":{"rendered":"\n<h2 class=\"wp-block-heading has-text-align-center has-luminous-vivid-orange-color has-text-color\"><strong>Par mail<\/strong><\/h2>\n\n\n\n<h3 class=\"wp-block-heading has-text-align-center has-vivid-cyan-blue-color has-text-color has-link-color wp-elements-4d6ccfabecc12a3671adccd11177082e\"><strong>tcm38510@gmail.com<\/strong><\/h3>\n\n\n\n<h2 class=\"wp-block-heading has-text-align-center has-luminous-vivid-orange-color has-text-color\"><strong>Par t\u00e9l\u00e9phone<\/strong><\/h2>\n\n\n\n<p class=\"has-text-align-center\">Olivier Pelloux (Pr\u00e9sident) : 06 82 20 87 64<\/p>\n\n\n\n<p class=\"has-text-align-center\">Romain Jaunet (Professeur) : 06 59 22 50 97<\/p>\n\n\n\n<p class=\"has-text-align-center\">Magali Marson (Secr\u00e9taire) : 06 84 35 83 24<\/p>\n\n\n\n<h2 class=\"wp-block-heading has-text-align-center has-luminous-vivid-orange-color has-text-color has-link-color wp-elements-74a48497d56a08aa39b826f4c793c568\"><strong>Par courrier<\/strong><\/h2>\n\n\n\n<p class=\"has-text-align-center\">Tennis Club de Morestel <\/p>\n\n\n\n<p class=\"has-text-align-center\">335, Rue Fran\u00e7ois Perrin<\/p>\n\n\n\n<p class=\"has-text-align-center\">38510 Morestel<\/p>\n","protected":false},"excerpt":{"rendered":"<p>Par mail tcm38510@gmail.com Par t\u00e9l\u00e9phone Olivier Pelloux (Pr\u00e9sident) : 06 82 20 87 64 Romain Jaunet (Professeur) : 06 59 22 50 97 Magali Marson (Secr\u00e9taire) : 06 84 35 83 24 Par courrier Tennis Club de Morestel 335, Rue Fran\u00e7ois Perrin 38510 Morestel<\/p>\n","protected":false},"author":1,"featured_media":0,"parent":0,"menu_order":0,"comment_status":"closed","ping_status":"closed","template":"","meta":{"footnotes":""},"class_list":["post-234","page","type-page","status-publish","hentry"],"_links":{"self":[{"href":"https:\/\/morestel-tennis.fr\/index.php?rest_route=\/wp\/v2\/pages\/234","targetHints":{"allow":["GET"]}}],"collection":[{"href":"https:\/\/morestel-tennis.fr\/index.php?rest_route=\/wp\/v2\/pages"}],"about":[{"href":"https:\/\/morestel-tennis.fr\/index.php?rest_route=\/wp\/v2\/types\/page"}],"author":[{"embeddable":true,"href":"https:\/\/morestel-tennis.fr\/index.php?rest_route=\/wp\/v2\/users\/1"}],"replies":[{"embeddable":true,"href":"https:\/\/morestel-tennis.fr\/index.php?rest_route=%2Fwp%2Fv2%2Fcomments&post=234"}],"version-history":[{"count":27,"href":"https:\/\/morestel-tennis.fr\/index.php?rest_route=\/wp\/v2\/pages\/234\/revisions"}],"predecessor-version":[{"id":1591,"href":"https:\/\/morestel-tennis.fr\/index.php?rest_route=\/wp\/v2\/pages\/234\/revisions\/1591"}],"wp:attachment":[{"href":"https:\/\/morestel-tennis.fr\/index.php?rest_route=%2Fwp%2Fv2%2Fmedia&parent=234"}],"curies":[{"name":"wp","href":"https:\/\/api.w.org\/{rel}","templated":true}]}}