{"id":237,"date":"2022-05-31T14:06:42","date_gmt":"2022-05-31T12:06:42","guid":{"rendered":"http:\/\/moresta.cluster031.hosting.ovh.net\/?page_id=237"},"modified":"2025-10-10T15:22:02","modified_gmt":"2025-10-10T13:22:02","slug":"agenda","status":"publish","type":"page","link":"https:\/\/morestel-tennis.fr\/?page_id=237","title":{"rendered":"Agenda &#8211; Dates \u00e0 retenir"},"content":{"rendered":"\n<h4 class=\"wp-block-heading\"><mark style=\"background-color:rgba(0, 0, 0, 0)\" class=\"has-inline-color has-luminous-vivid-orange-color\"><strong>Manifestations 2025 &#8211; 2026<\/strong> <\/mark><strong>(non exhaustives)<\/strong><\/h4>\n\n\n\n<p><strong>Vendredi 5 septembre \u00e0 partir de 17h -20h<\/strong> : La rentr\u00e9e des associations \u00e0 la salle de l&rsquo;amiti\u00e9 \u00e0 Morestel<\/p>\n\n\n\n<p>*<strong>WE du 27-28 septembre <\/strong>: TMC Tournoi Multi chances. Prix 30\u20ac inscriptions de 16 joueurs max de NC \u00e0 15-4, il reste encore des places&#8230;<\/p>\n\n\n\n<p><strong>Le  07 novembre<\/strong> \u00e0 19:00 Assembl\u00e9e G\u00e9n\u00e9rale du TCM<\/p>\n\n\n\n<p>*<strong>F\u00e9vrier 2026 :<\/strong> d\u00e9bute les inscriptions du Championnat de printemps <\/p>\n\n\n\n<p><strong>*Juin 2026 :<\/strong> F\u00eate de la musique<\/p>\n\n\n\n<p>Un 2eme TMC sera organis\u00e9 au printemps <\/p>\n\n\n\n<div class=\"wp-block-media-text is-stacked-on-mobile is-vertically-aligned-center\" style=\"grid-template-columns:85% auto\"><figure class=\"wp-block-media-text__media\"><img loading=\"lazy\" decoding=\"async\" width=\"1024\" height=\"404\" src=\"https:\/\/morestel-tennis.fr\/wp-content\/uploads\/2023\/12\/bd040a75-24be-499e-9d08-0c4a3df08ee3-1024x404.jpg\" alt=\"\" class=\"wp-image-1160 size-full\" srcset=\"https:\/\/morestel-tennis.fr\/wp-content\/uploads\/2023\/12\/bd040a75-24be-499e-9d08-0c4a3df08ee3-1024x404.jpg 1024w, https:\/\/morestel-tennis.fr\/wp-content\/uploads\/2023\/12\/bd040a75-24be-499e-9d08-0c4a3df08ee3-300x118.jpg 300w, https:\/\/morestel-tennis.fr\/wp-content\/uploads\/2023\/12\/bd040a75-24be-499e-9d08-0c4a3df08ee3-768x303.jpg 768w, https:\/\/morestel-tennis.fr\/wp-content\/uploads\/2023\/12\/bd040a75-24be-499e-9d08-0c4a3df08ee3-1320x521.jpg 1320w, https:\/\/morestel-tennis.fr\/wp-content\/uploads\/2023\/12\/bd040a75-24be-499e-9d08-0c4a3df08ee3.jpg 1388w\" sizes=\"auto, (max-width: 767px) 89vw, (max-width: 1000px) 54vw, (max-width: 1071px) 543px, 580px\" \/><\/figure><div class=\"wp-block-media-text__content\">\n<p><\/p>\n<\/div><\/div>\n\n\n\n<p><strong>Manifestations 2024-2025 <\/strong><\/p>\n\n\n\n<p>*<strong>16 d\u00e9cembre 2024<\/strong> : tournoi amical double + 60 ans organis\u00e9 par Romain.<\/p>\n\n\n\n<p>*<strong>10 f\u00e9vrier 2025 au 31 mai 2025<\/strong> : tournoi interne.<\/p>\n\n\n\n<p>*<strong>15 f\u00e9vrier 2025 <\/strong>: vente de diots \u00e0 emporter ou \u00e0 manger sur place avec buvette \u00e0 partir de 10h30, organis\u00e9e par la bureau du TCM. <strong>PRIX: 5\u20ac la barquette de 2 diots<\/strong><\/p>\n\n\n\n<p>*<strong>15 mars 2025 <\/strong>: vente de brioches de 9h \u00e0 12h organis\u00e9e par Romain.<\/p>\n\n\n\n<p>*<strong>12 avril 2025<\/strong> : initiation au pickleball de 16h \u00e0 18h30 avec l&rsquo;\u00e9cole de tennis, organis\u00e9 par Romain.<\/p>\n\n\n\n<p>*<strong>7 juin 2025 <\/strong>: tournoi des familles de 16h \u00e0 19h organis\u00e9 par Romain puis repas organis\u00e9 par le bureau du TCM.<\/p>\n\n\n\n<p>*<strong>14 juin 2025 <\/strong>: f\u00eate de la musique de Morestel.<\/p>\n\n\n\n<p>*<strong>25 juin 2025<\/strong> : tournoi de double \u00e9t\u00e9 +60 ans de 9h45 \u00e0 12h.<\/p>\n\n\n\n<p>*<strong>05 septembre 2025 <\/strong>: rentr\u00e9e des associations Salle de l\u2019Amiti\u00e9 \u00e0 Morestel de 17:00 \u00e0 20:00<\/p>\n\n\n\n<h1 class=\"wp-block-heading\"><strong>Manifestations 2023-2024<\/strong><\/h1>\n\n\n\n<figure class=\"wp-block-image size-large is-resized\"><img loading=\"lazy\" decoding=\"async\" width=\"586\" height=\"1024\" src=\"https:\/\/morestel-tennis.fr\/wp-content\/uploads\/2024\/07\/IMG_8229-586x1024.jpeg\" alt=\"\" class=\"wp-image-1289\" style=\"width:270px;height:auto\" srcset=\"https:\/\/morestel-tennis.fr\/wp-content\/uploads\/2024\/07\/IMG_8229-586x1024.jpeg 586w, https:\/\/morestel-tennis.fr\/wp-content\/uploads\/2024\/07\/IMG_8229-172x300.jpeg 172w, https:\/\/morestel-tennis.fr\/wp-content\/uploads\/2024\/07\/IMG_8229-768x1342.jpeg 768w, https:\/\/morestel-tennis.fr\/wp-content\/uploads\/2024\/07\/IMG_8229.jpeg 810w\" sizes=\"auto, (max-width: 586px) 100vw, 586px\" \/><figcaption class=\"wp-element-caption\">Inscriptions avant le 31 aout 2024<\/figcaption><\/figure>\n\n\n\n<div class=\"wp-block-media-text alignwide has-media-on-the-right is-stacked-on-mobile is-vertically-aligned-center\" style=\"grid-template-columns:auto 42%\"><div class=\"wp-block-media-text__content\">\n<p class=\"has-text-align-center has-vivid-cyan-blue-color has-text-color has-medium-font-size\"><strong>ASSEMBLEE GENERALE ORDINAIRE  DU TCM<\/strong><\/p>\n\n\n\n<p class=\"has-text-align-center has-vivid-red-color has-text-color has-medium-font-size\"><strong><em>Vendredi 28 juin 2024 \u00e0 18H30<\/em><\/strong><\/p>\n\n\n\n<p class=\"has-text-align-center has-vivid-cyan-blue-color has-text-color has-small-font-size\"><strong>Ch\u00e8r-e-s adh\u00e9rent-e-s, vous \u00eates tous convi\u00e9s au clubhouse. du Tennis Club de Morestel<\/strong><\/p>\n<\/div><figure class=\"wp-block-media-text__media\"><img loading=\"lazy\" decoding=\"async\" width=\"1024\" height=\"768\" src=\"https:\/\/morestel-tennis.fr\/wp-content\/uploads\/2022\/05\/P1650406-1024x768.jpeg\" alt=\"\" class=\"wp-image-363 size-full\" srcset=\"https:\/\/morestel-tennis.fr\/wp-content\/uploads\/2022\/05\/P1650406-1024x768.jpeg 1024w, https:\/\/morestel-tennis.fr\/wp-content\/uploads\/2022\/05\/P1650406-300x225.jpeg 300w, https:\/\/morestel-tennis.fr\/wp-content\/uploads\/2022\/05\/P1650406-768x576.jpeg 768w, https:\/\/morestel-tennis.fr\/wp-content\/uploads\/2022\/05\/P1650406-1536x1152.jpeg 1536w, https:\/\/morestel-tennis.fr\/wp-content\/uploads\/2022\/05\/P1650406-2048x1536.jpeg 2048w\" sizes=\"auto, (max-width: 767px) 89vw, (max-width: 1000px) 54vw, (max-width: 1071px) 543px, 580px\" \/><\/figure><\/div>\n\n\n\n<div class=\"wp-block-media-text alignwide is-stacked-on-mobile\" style=\"grid-template-columns:49% auto\"><figure class=\"wp-block-media-text__media\"><img loading=\"lazy\" decoding=\"async\" width=\"1024\" height=\"614\" src=\"https:\/\/morestel-tennis.fr\/wp-content\/uploads\/2022\/05\/cropped-cropped-P1650396-scaled-1-1024x614.jpeg\" alt=\"\" class=\"wp-image-183 size-full\" srcset=\"https:\/\/morestel-tennis.fr\/wp-content\/uploads\/2022\/05\/cropped-cropped-P1650396-scaled-1-1024x614.jpeg 1024w, https:\/\/morestel-tennis.fr\/wp-content\/uploads\/2022\/05\/cropped-cropped-P1650396-scaled-1-300x180.jpeg 300w, https:\/\/morestel-tennis.fr\/wp-content\/uploads\/2022\/05\/cropped-cropped-P1650396-scaled-1-768x460.jpeg 768w, https:\/\/morestel-tennis.fr\/wp-content\/uploads\/2022\/05\/cropped-cropped-P1650396-scaled-1-1536x921.jpeg 1536w, https:\/\/morestel-tennis.fr\/wp-content\/uploads\/2022\/05\/cropped-cropped-P1650396-scaled-1.jpeg 2000w\" sizes=\"auto, (max-width: 767px) 89vw, (max-width: 1000px) 54vw, (max-width: 1071px) 543px, 580px\" \/><\/figure><div class=\"wp-block-media-text__content\">\n<div class=\"wp-block-group has-vivid-cyan-blue-color has-text-color has-link-color wp-elements-e60e00f3dc503ab71dba6ec5dc955a47\"><div class=\"wp-block-group__inner-container is-layout-constrained wp-block-group-is-layout-constrained\">\n<p class=\"has-text-align-center has-vivid-red-color has-white-background-color has-text-color has-background has-link-color has-medium-font-size wp-elements-c106b0bd97693ca15124428386a4d7d2\"><strong>Samedi 08 juin 2024      \u00e0 partir de 15H30<\/strong> \u00ab\u00a0Tournoi des familles\u00a0\u00bb<\/p>\n<\/div><\/div>\n<\/div><\/div>\n\n\n\n<div class=\"wp-block-media-text alignwide has-media-on-the-right is-stacked-on-mobile\" style=\"grid-template-columns:auto 37%\"><div class=\"wp-block-media-text__content\">\n<p class=\"has-text-align-center has-vivid-red-color has-text-color has-link-color has-medium-font-size wp-elements-f24f58ea9f3aea66a775c47e1a4781ce\"><strong>Samedi 15 juin 2024<\/strong> de 17h \u00e0 23h50<\/p>\n\n\n\n<p class=\"has-text-align-center has-vivid-cyan-blue-color has-text-color has-link-color wp-elements-3c6e6803cafbe9c920889674573914d7\">F\u00cbTE DE LA MUSIQUE \u00e0 MORESTEL               <strong>                       dans la Grande Rue                                                 devant le Jardin des Remparts<\/strong><\/p>\n\n\n\n<p class=\"has-text-align-center has-small-font-size\"><strong>Venez nous aider \u00e0  la buvette et la restauration<\/strong>.<\/p>\n<\/div><figure class=\"wp-block-media-text__media\"><img loading=\"lazy\" decoding=\"async\" width=\"707\" height=\"1024\" src=\"https:\/\/morestel-tennis.fr\/wp-content\/uploads\/2024\/05\/IMG_7506-707x1024.jpg\" alt=\"\" class=\"wp-image-1240 size-full\" srcset=\"https:\/\/morestel-tennis.fr\/wp-content\/uploads\/2024\/05\/IMG_7506-707x1024.jpg 707w, https:\/\/morestel-tennis.fr\/wp-content\/uploads\/2024\/05\/IMG_7506-207x300.jpg 207w, https:\/\/morestel-tennis.fr\/wp-content\/uploads\/2024\/05\/IMG_7506.jpg 762w\" sizes=\"auto, (max-width: 707px) 100vw, 707px\" \/><\/figure><\/div>\n\n\n\n<p><\/p>\n","protected":false},"excerpt":{"rendered":"<p>Manifestations 2025 &#8211; 2026 (non exhaustives) Vendredi 5 septembre \u00e0 partir de 17h -20h : La rentr\u00e9e des associations \u00e0 la salle de l&rsquo;amiti\u00e9 \u00e0 Morestel *WE du 27-28 septembre : TMC Tournoi Multi chances. Prix 30\u20ac inscriptions de 16 joueurs max de NC \u00e0 15-4, il reste encore des places&#8230; Le 07 novembre \u00e0 &hellip; <\/p>\n<p class=\"link-more\"><a href=\"https:\/\/morestel-tennis.fr\/?page_id=237\" class=\"more-link\">Continuer la lecture<span class=\"screen-reader-text\"> de &laquo;&nbsp;Agenda &#8211; Dates \u00e0 retenir&nbsp;&raquo;<\/span><\/a><\/p>\n","protected":false},"author":1,"featured_media":895,"parent":0,"menu_order":0,"comment_status":"closed","ping_status":"closed","template":"","meta":{"footnotes":""},"class_list":["post-237","page","type-page","status-publish","has-post-thumbnail","hentry"],"_links":{"self":[{"href":"https:\/\/morestel-tennis.fr\/index.php?rest_route=\/wp\/v2\/pages\/237","targetHints":{"allow":["GET"]}}],"collection":[{"href":"https:\/\/morestel-tennis.fr\/index.php?rest_route=\/wp\/v2\/pages"}],"about":[{"href":"https:\/\/morestel-tennis.fr\/index.php?rest_route=\/wp\/v2\/types\/page"}],"author":[{"embeddable":true,"href":"https:\/\/morestel-tennis.fr\/index.php?rest_route=\/wp\/v2\/users\/1"}],"replies":[{"embeddable":true,"href":"https:\/\/morestel-tennis.fr\/index.php?rest_route=%2Fwp%2Fv2%2Fcomments&post=237"}],"version-history":[{"count":57,"href":"https:\/\/morestel-tennis.fr\/index.php?rest_route=\/wp\/v2\/pages\/237\/revisions"}],"predecessor-version":[{"id":1657,"href":"https:\/\/morestel-tennis.fr\/index.php?rest_route=\/wp\/v2\/pages\/237\/revisions\/1657"}],"wp:featuredmedia":[{"embeddable":true,"href":"https:\/\/morestel-tennis.fr\/index.php?rest_route=\/wp\/v2\/media\/895"}],"wp:attachment":[{"href":"https:\/\/morestel-tennis.fr\/index.php?rest_route=%2Fwp%2Fv2%2Fmedia&parent=237"}],"curies":[{"name":"wp","href":"https:\/\/api.w.org\/{rel}","templated":true}]}}